{"id":5312,"date":"2023-04-25T03:43:45","date_gmt":"2023-04-25T03:43:45","guid":{"rendered":"https:\/\/farafinah.tv\/?page_id=5312"},"modified":"2025-12-11T17:41:22","modified_gmt":"2025-12-11T22:41:22","slug":"membership","status":"publish","type":"page","link":"https:\/\/farafinah.tv\/fr\/membership\/","title":{"rendered":"Mon Abonnement"},"content":{"rendered":"<div data-elementor-type=\"wp-page\" data-elementor-id=\"5312\" class=\"elementor elementor-5312\">\n\t\t\t\t\t\t<section class=\"elementor-section elementor-top-section elementor-element elementor-element-dc2e545 elementor-section-boxed elementor-section-height-default elementor-section-height-default\" data-id=\"dc2e545\" data-element_type=\"section\" data-e-type=\"section\">\r\n\t\t\t\t\t\t<div class=\"elementor-container elementor-column-gap-default jws_section_\" >\r\n\t\t\t\t<div class=\"elementor-column elementor-col-100 elementor-top-column elementor-element elementor-element-6a06541\" data-id=\"6a06541\" data-element_type=\"column\" data-e-type=\"column\">\n\t\t\t<div class=\"elementor-widget-wrap elementor-element-populated\">\n\t\t\t\t\t\t<div class=\"elementor-element elementor-element-8c841d2 elementor-widget elementor-widget-heading\" data-id=\"8c841d2\" data-element_type=\"widget\" data-e-type=\"widget\" data-widget_type=\"heading.default\">\n\t\t\t\t<div class=\"elementor-widget-container\">\n\t\t\t\t\t<h2 class=\"elementor-heading-title elementor-size-default\">Choisir son forfait<\/h2>\t\t\t\t<\/div>\n\t\t\t\t<\/div>\n\t\t\t\t<div class=\"elementor-element elementor-element-bf985e1 elementor-widget elementor-widget-text-editor\" data-id=\"bf985e1\" data-element_type=\"widget\" data-e-type=\"widget\" data-widget_type=\"text-editor.default\">\n\t\t\t\t<div class=\"elementor-widget-container\">\n\t\t\t\t\t\t\t\t\t<p>Pas de frais cach\u00e9s et sans abonnement.<\/p>\t\t\t\t\t\t\t\t<\/div>\n\t\t\t\t<\/div>\n\t\t\t\t<div class=\"elementor-element elementor-element-664dcf6 elementor-widget elementor-widget-jws_pmpro_level\" data-id=\"664dcf6\" data-element_type=\"widget\" data-e-type=\"widget\" data-widget_type=\"jws_pmpro_level.default\">\n\t\t\t\t<div class=\"elementor-widget-container\">\n\t\t\t\t\t \r\n\t\t\r\n\t\t<div class=\"jws-pmpro-level-element\">\r\n            <div class=\"row row-eq-height layout1\">\r\n            \t                        \r\n                        <div class=\"pmpro-level-item  col-xl-4 col-lg-4 col-12\">\r\n                        \r\n                            <div class=\"pmpro-level-inner\">\r\n    \r\n        \t\t<h6 class=\"fs-small fw-500 uppercase al-center\">Classic<\/h6>\t\t<div class=\"price\">\r\n\t\t\t<h4  class=\"text-info al-center\"><strong>Gratuit<\/strong>. <\/h4>       <\/div>\r\n       \r\n       \r\n\t\t<div class=\"pmpro-plan-button\">\r\n\t\t\t<a  class=\"button button-custom\" href=\"https:\/\/farafinah.tv\/fr\/membership-account\/membership-checkout\/?level=1\">Choose Plan<\/a>    \r\n\t\t<\/div>\r\n    \r\n        <div class=\"description cl-heading\"><ul>\r\n \t<li>7 jours gratuits<\/li>\r\n \t<li>Acc\u00e8s limit\u00e9 aux s\u00e9ries t\u00e9l\u00e9s et aux films<\/li>\r\n \t<li>Visualisez sur tous les supports (HD)<\/li>\r\n \t<li>Changez de forfait \/ Sans abonnement<\/li>\r\n<\/ul><\/div>    \r\n    <\/div>                      \r\n                        \r\n                        \r\n                        \r\n                        <\/div>\r\n                        \r\n                                                \r\n                        <div class=\"pmpro-level-item  col-xl-4 col-lg-4 col-12 active\">\r\n                        \r\n                            <div class=\"pmpro-level-inner\">\r\n    \r\n        \t\t<h6 class=\"fs-small fw-500 uppercase al-center\">Platinium<\/h6>\t\t<div class=\"price\">\r\n\t\t\t<h4  class=\"text-info al-center\"><strong>\u20ac4.99 par Mois<\/strong>. <\/h4>       <\/div>\r\n       \r\n       \r\n\t\t<div class=\"pmpro-plan-button\">\r\n\t\t\t<a  class=\"button button-custom\" href=\"https:\/\/farafinah.tv\/fr\/membership-account\/membership-checkout\/?level=2\">Choose Plan<\/a>    \r\n\t\t<\/div>\r\n    \r\n        <div class=\"description cl-heading\"><ul>\r\n \t<li>ACC\u00c8S EXCLUSIF aux films et s\u00e9ries<\/li>\r\n \t<li>\u00a0Publicit\u00e9 interactive<\/li>\r\n \t<li>Visualisez sur tous les supports (HD)<\/li>\r\n \t<li>Changez de forfait \/ Sans abonnement<\/li>\r\n<\/ul><\/div>    \r\n    <\/div>                      \r\n                        \r\n                        \r\n                        \r\n                        <\/div>\r\n                        \r\n                                                \r\n                        <div class=\"pmpro-level-item  col-xl-4 col-lg-4 col-12\">\r\n                        \r\n                            <div class=\"pmpro-level-inner\">\r\n    \r\n        \t\t<h6 class=\"fs-small fw-500 uppercase al-center\">Premium VIP<\/h6>\t\t<div class=\"price\">\r\n\t\t\t<h4  class=\"text-info al-center\"><strong>\u20ac49.99 par ann\u00e9e<\/strong>. <\/h4>       <\/div>\r\n       \r\n       \r\n\t\t<div class=\"pmpro-plan-button\">\r\n\t\t\t<a  class=\"button button-custom\" href=\"https:\/\/farafinah.tv\/fr\/membership-account\/membership-checkout\/?level=3\">Choose Plan<\/a>    \r\n\t\t<\/div>\r\n    \r\n        <div class=\"description cl-heading\"><ul>\r\n \t<li>ACC\u00c8S ILLIMIT\u00c9 (12 mois)<\/li>\r\n \t<li>Carte MEMBRE VIP FARAFINAH<\/li>\r\n \t<li>Visualisez sur tous les supports (4k)<\/li>\r\n \t<li>Changez de forfait \/ Sans abonnement<\/li>\r\n<\/ul><\/div>    \r\n    <\/div>                      \r\n                        \r\n                        \r\n                        \r\n                        <\/div>\r\n                        \r\n                                    <\/div>\r\n        <\/div>\r\n\r\n\t\t\t\t\t<\/div>\n\t\t\t\t<\/div>\n\t\t\t\t\t<\/div>\n\t\t<\/div>\n\t\t\t\t      \r\n            \r\n              \r\n            \r\n            \t\r\n\t\t\t<\/div>\r\n\t\t<\/section>\r\n\t\t\t\t<\/div>","protected":false},"excerpt":{"rendered":"<p>Choose your package No hidden fees, and you can cancel anytime. Classic Free. Choose Plan Free (7 days) Limited access to TV Shows and Movies Watch on your favorite devices Switch plans \/ cancel anytime Platinium \u20ac4.99 per Month. Choose Plan EXCLUSIVE ACCESS to Movies and TV Shows \u00a0Ad-supported contents Watch on your favorite devices [&hellip;]<\/p>\n","protected":false},"author":1,"featured_media":0,"parent":0,"menu_order":0,"comment_status":"closed","ping_status":"closed","template":"","meta":{"_acf_changed":false,"pmpro_default_level":"","footnotes":""},"class_list":["post-5312","page","type-page","status-publish","hentry","pmpro-has-access"],"acf":[],"_links":{"self":[{"href":"https:\/\/farafinah.tv\/fr\/wp-json\/wp\/v2\/pages\/5312","targetHints":{"allow":["GET"]}}],"collection":[{"href":"https:\/\/farafinah.tv\/fr\/wp-json\/wp\/v2\/pages"}],"about":[{"href":"https:\/\/farafinah.tv\/fr\/wp-json\/wp\/v2\/types\/page"}],"author":[{"embeddable":true,"href":"https:\/\/farafinah.tv\/fr\/wp-json\/wp\/v2\/users\/1"}],"replies":[{"embeddable":true,"href":"https:\/\/farafinah.tv\/fr\/wp-json\/wp\/v2\/comments?post=5312"}],"version-history":[{"count":25,"href":"https:\/\/farafinah.tv\/fr\/wp-json\/wp\/v2\/pages\/5312\/revisions"}],"predecessor-version":[{"id":11860,"href":"https:\/\/farafinah.tv\/fr\/wp-json\/wp\/v2\/pages\/5312\/revisions\/11860"}],"wp:attachment":[{"href":"https:\/\/farafinah.tv\/fr\/wp-json\/wp\/v2\/media?parent=5312"}],"curies":[{"name":"wp","href":"https:\/\/api.w.org\/{rel}","templated":true}]}}